{"id":129,"date":"2024-03-09T18:18:11","date_gmt":"2024-03-09T18:18:52","guid":{"rendered":"https:\/\/mcturkmassage.dk\/?page_id=129"},"modified":"2024-03-13T11:20:19","modified_gmt":"2024-03-13T11:20:19","slug":"laend-ryg-anmeldelser","status":"publish","type":"page","link":"https:\/\/mcturkmassage.dk\/index.php\/linktree-dansk\/massage-behandlinger\/laend-ryg-anmeldelser\/","title":{"rendered":"L\u00e6nd &#038; Ryg anmeldelser"},"content":{"rendered":"\t\t<div data-elementor-type=\"wp-page\" data-elementor-id=\"129\" class=\"elementor elementor-129\">\n\t\t\t\t<div class=\"elementor-element elementor-element-f9141dc e-flex e-con-boxed e-con e-parent\" data-id=\"f9141dc\" data-element_type=\"container\">\n\t\t\t\t\t<div class=\"e-con-inner\">\n\t\t\t\t<div class=\"elementor-element elementor-element-2dac0f0 elementor-widget elementor-widget-image\" data-id=\"2dac0f0\" data-element_type=\"widget\" data-widget_type=\"image.default\">\n\t\t\t\t<div class=\"elementor-widget-container\">\n\t\t\t\t\t\t\t\t\t\t\t\t\t<img fetchpriority=\"high\" decoding=\"async\" width=\"300\" height=\"300\" src=\"https:\/\/mcturkmassage.dk\/wp-content\/uploads\/2024\/03\/Logo-til-Wordpress.png\" class=\"attachment-medium size-medium wp-image-44\" alt=\"\" \/>\t\t\t\t\t\t\t\t\t\t\t\t\t<\/div>\n\t\t\t\t<\/div>\n\t\t\t\t\t<\/div>\n\t\t\t\t<\/div>\n\t\t<div class=\"elementor-element elementor-element-2be949c e-flex e-con-boxed e-con e-parent\" data-id=\"2be949c\" data-element_type=\"container\">\n\t\t\t\t\t<div class=\"e-con-inner\">\n\t\t\t\t<div class=\"elementor-element elementor-element-626afd4 elementor-widget elementor-widget-image\" data-id=\"626afd4\" data-element_type=\"widget\" data-widget_type=\"image.default\">\n\t\t\t\t<div class=\"elementor-widget-container\">\n\t\t\t\t\t\t\t\t\t\t\t\t\t<img decoding=\"async\" width=\"768\" height=\"596\" src=\"https:\/\/mcturkmassage.dk\/wp-content\/uploads\/2024\/03\/2-Har-du-ondt-i-laenden.png\" class=\"attachment-medium_large size-medium_large wp-image-151\" alt=\"\" \/>\t\t\t\t\t\t\t\t\t\t\t\t\t<\/div>\n\t\t\t\t<\/div>\n\t\t\t\t\t<\/div>\n\t\t\t\t<\/div>\n\t\t<div class=\"elementor-element elementor-element-e5277ee e-flex e-con-boxed e-con e-parent\" data-id=\"e5277ee\" data-element_type=\"container\">\n\t\t\t\t\t<div class=\"e-con-inner\">\n\t\t\t\t<div class=\"elementor-element elementor-element-ce948d1 elementor-widget elementor-widget-text-editor\" data-id=\"ce948d1\" data-element_type=\"widget\" data-widget_type=\"text-editor.default\">\n\t\t\t\t<div class=\"elementor-widget-container\">\n\t\t\t\t\t\t\t<h4><b>Har du smerter i l\u00e6nden og ryggen? <\/b><\/h4><h4><b>Sidder du med benene over kors p\u00e5 arbejdet?<span class=\"Apple-converted-space\">\u00a0<\/span><\/b><\/h4><h5><br \/>Det kan skabe sk\u00e6vhed i b\u00e6kkenet. I v\u00e6rste tilf\u00e6lde kan det give nervesmerter ned ad benene.<span class=\"Apple-converted-space\">\u00a0<\/span><\/h5><p><a href=\"https:\/\/www.linkedin.com\/in\/ACoAAAT_KFcBZyr4JWy6y3xwEr7xPMhqqaPT7Lc\"><b>Maria McTurk<\/b><\/a> har mere end 20 \u00e5rs erfaring med at afsp\u00e6nde musklerne i l\u00e6nden og ryggen.<span class=\"Apple-converted-space\">\u00a0<\/span><\/p><h5>Book en tid og f\u00e5 dine muskler i l\u00e6nden og ryggen afsp\u00e6ndt.<\/h5>\t\t\t\t\t\t<\/div>\n\t\t\t\t<\/div>\n\t\t\t\t\t<\/div>\n\t\t\t\t<\/div>\n\t\t<div class=\"elementor-element elementor-element-e77172c e-flex e-con-boxed e-con e-parent\" data-id=\"e77172c\" data-element_type=\"container\">\n\t\t\t\t\t<div class=\"e-con-inner\">\n\t\t\t\t<div class=\"elementor-element elementor-element-a3df98e elementor-align-justify elementor-widget elementor-widget-button\" data-id=\"a3df98e\" data-element_type=\"widget\" data-widget_type=\"button.default\">\n\t\t\t\t<div class=\"elementor-widget-container\">\n\t\t\t\t\t<div class=\"elementor-button-wrapper\">\n\t\t\t<a class=\"elementor-button elementor-button-link elementor-size-sm\" href=\"https:\/\/mcturkmassage.dk\/index.php\/linktree-dansk\/bestil-tid\/\">\n\t\t\t\t\t\t<span class=\"elementor-button-content-wrapper\">\n\t\t\t\t\t\t\t\t\t<span class=\"elementor-button-text\">Book en tid med  Maria McTurk ved at klikke her<\/span>\n\t\t\t\t\t<\/span>\n\t\t\t\t\t<\/a>\n\t\t<\/div>\n\t\t\t\t<\/div>\n\t\t\t\t<\/div>\n\t\t\t\t\t<\/div>\n\t\t\t\t<\/div>\n\t\t<div class=\"elementor-element elementor-element-91fb557 e-flex e-con-boxed e-con e-parent\" data-id=\"91fb557\" data-element_type=\"container\">\n\t\t\t\t\t<div class=\"e-con-inner\">\n\t\t\t\t<div class=\"elementor-element elementor-element-8d77a7c elementor-widget elementor-widget-heading\" data-id=\"8d77a7c\" data-element_type=\"widget\" data-widget_type=\"heading.default\">\n\t\t\t\t<div class=\"elementor-widget-container\">\n\t\t\t<h2 class=\"elementor-heading-title elementor-size-default\">L\u00e6nd &amp; Ryg anmeldelser<\/h2>\t\t<\/div>\n\t\t\t\t<\/div>\n\t\t\t\t\t<\/div>\n\t\t\t\t<\/div>\n\t\t<div class=\"elementor-element elementor-element-15550a5 e-flex e-con-boxed e-con e-parent\" data-id=\"15550a5\" data-element_type=\"container\">\n\t\t\t\t\t<div class=\"e-con-inner\">\n\t\t\t\t<div class=\"elementor-element elementor-element-2956108 elementor-widget elementor-widget-text-editor\" data-id=\"2956108\" data-element_type=\"widget\" data-widget_type=\"text-editor.default\">\n\t\t\t\t<div class=\"elementor-widget-container\">\n\t\t\t\t\t\t\t<div class=\"tr-widget\" data-id=\"5072\" data-view=\"slider\" data-lang=\"\"><a class=\"trcr\" href=\"https:\/\/trust.reviews\/\" target=\"_blank\" rel=\"noopener\">Powered by Trust.Reviews<\/a><\/div>\n<script type=\"text\/javascript\" src=\"https:\/\/cdn.trust.reviews\/widget\/embed.min.js\" defer><\/script>\t\t\t\t\t\t<\/div>\n\t\t\t\t<\/div>\n\t\t\t\t\t<\/div>\n\t\t\t\t<\/div>\n\t\t\t\t<\/div>\n\t\t","protected":false},"excerpt":{"rendered":"<p>Har du smerter i l\u00e6nden og ryggen? Sidder du med benene over kors p\u00e5 arbejdet?\u00a0 Det kan skabe sk\u00e6vhed i b\u00e6kkenet. I v\u00e6rste tilf\u00e6lde kan det give nervesmerter ned ad benene.\u00a0 Maria McTurk har mere end 20 \u00e5rs erfaring med at afsp\u00e6nde musklerne i l\u00e6nden og ryggen.\u00a0 Book en tid og f\u00e5 dine muskler i&#8230;<\/p>\n","protected":false},"author":1,"featured_media":0,"parent":72,"menu_order":3,"comment_status":"closed","ping_status":"closed","template":"elementor_canvas","meta":{"om_disable_all_campaigns":false,"_monsterinsights_skip_tracking":false,"_monsterinsights_sitenote_active":false,"_monsterinsights_sitenote_note":"","_monsterinsights_sitenote_category":0,"_kad_post_transparent":"","_kad_post_title":"hide","_kad_post_layout":"fullwidth","_kad_post_sidebar_id":"","_kad_post_content_style":"unboxed","_kad_post_vertical_padding":"hide","_kad_post_feature":"hide","_kad_post_feature_position":"","_kad_post_header":false,"_kad_post_footer":false,"footnotes":""},"folder":[],"aioseo_notices":[],"_links":{"self":[{"href":"https:\/\/mcturkmassage.dk\/index.php\/wp-json\/wp\/v2\/pages\/129"}],"collection":[{"href":"https:\/\/mcturkmassage.dk\/index.php\/wp-json\/wp\/v2\/pages"}],"about":[{"href":"https:\/\/mcturkmassage.dk\/index.php\/wp-json\/wp\/v2\/types\/page"}],"author":[{"embeddable":true,"href":"https:\/\/mcturkmassage.dk\/index.php\/wp-json\/wp\/v2\/users\/1"}],"replies":[{"embeddable":true,"href":"https:\/\/mcturkmassage.dk\/index.php\/wp-json\/wp\/v2\/comments?post=129"}],"version-history":[{"count":40,"href":"https:\/\/mcturkmassage.dk\/index.php\/wp-json\/wp\/v2\/pages\/129\/revisions"}],"predecessor-version":[{"id":624,"href":"https:\/\/mcturkmassage.dk\/index.php\/wp-json\/wp\/v2\/pages\/129\/revisions\/624"}],"up":[{"embeddable":true,"href":"https:\/\/mcturkmassage.dk\/index.php\/wp-json\/wp\/v2\/pages\/72"}],"wp:attachment":[{"href":"https:\/\/mcturkmassage.dk\/index.php\/wp-json\/wp\/v2\/media?parent=129"}],"wp:term":[{"taxonomy":"folder","embeddable":true,"href":"https:\/\/mcturkmassage.dk\/index.php\/wp-json\/wp\/v2\/folder?post=129"}],"curies":[{"name":"wp","href":"https:\/\/api.w.org\/{rel}","templated":true}]}}