{"id":215,"date":"2024-03-09T19:09:45","date_gmt":"2024-03-09T19:09:45","guid":{"rendered":"https:\/\/mcturkmassage.dk\/?page_id=215"},"modified":"2024-03-13T11:21:56","modified_gmt":"2024-03-13T11:21:56","slug":"iskiassmerter-anmeldelser","status":"publish","type":"page","link":"https:\/\/mcturkmassage.dk\/index.php\/linktree-dansk\/massage-behandlinger\/iskiassmerter-anmeldelser\/","title":{"rendered":"Iskiassmerter anmeldelser"},"content":{"rendered":"\t\t<div data-elementor-type=\"wp-page\" data-elementor-id=\"215\" class=\"elementor elementor-215\">\n\t\t\t\t<div class=\"elementor-element elementor-element-0deff9b e-flex e-con-boxed e-con e-parent\" data-id=\"0deff9b\" data-element_type=\"container\">\n\t\t\t\t\t<div class=\"e-con-inner\">\n\t\t\t\t<div class=\"elementor-element elementor-element-af71ed0 elementor-widget elementor-widget-image\" data-id=\"af71ed0\" data-element_type=\"widget\" data-widget_type=\"image.default\">\n\t\t\t\t<div class=\"elementor-widget-container\">\n\t\t\t\t\t\t\t\t\t\t\t\t\t<img fetchpriority=\"high\" decoding=\"async\" width=\"300\" height=\"300\" src=\"https:\/\/mcturkmassage.dk\/wp-content\/uploads\/2024\/03\/Logo-til-Wordpress.png\" class=\"attachment-medium size-medium wp-image-44\" alt=\"\" \/>\t\t\t\t\t\t\t\t\t\t\t\t\t<\/div>\n\t\t\t\t<\/div>\n\t\t\t\t\t<\/div>\n\t\t\t\t<\/div>\n\t\t<div class=\"elementor-element elementor-element-1b1fc09 e-flex e-con-boxed e-con e-parent\" data-id=\"1b1fc09\" data-element_type=\"container\">\n\t\t\t\t\t<div class=\"e-con-inner\">\n\t\t\t\t<div class=\"elementor-element elementor-element-72fe5ba elementor-widget elementor-widget-image\" data-id=\"72fe5ba\" data-element_type=\"widget\" data-widget_type=\"image.default\">\n\t\t\t\t<div class=\"elementor-widget-container\">\n\t\t\t\t\t\t\t\t\t\t\t\t\t<img decoding=\"async\" width=\"768\" height=\"596\" src=\"https:\/\/mcturkmassage.dk\/wp-content\/uploads\/2024\/03\/09.-Har-du-iskiassmerter-1.png\" class=\"attachment-medium_large size-medium_large wp-image-343\" alt=\"\" \/>\t\t\t\t\t\t\t\t\t\t\t\t\t<\/div>\n\t\t\t\t<\/div>\n\t\t\t\t\t<\/div>\n\t\t\t\t<\/div>\n\t\t<div class=\"elementor-element elementor-element-c3c7cf2 e-flex e-con-boxed e-con e-parent\" data-id=\"c3c7cf2\" data-element_type=\"container\">\n\t\t\t\t\t<div class=\"e-con-inner\">\n\t\t\t\t<div class=\"elementor-element elementor-element-3d7f299 elementor-widget elementor-widget-text-editor\" data-id=\"3d7f299\" data-element_type=\"widget\" data-widget_type=\"text-editor.default\">\n\t\t\t\t<div class=\"elementor-widget-container\">\n\t\t\t\t\t\t\t<h4>L\u00e6nden kan ofte skyldes Iskiassmerter.<br \/><br \/><\/h4><h5>Massage kan ikke altid fikse det, men det kan l\u00f8sne musklerne op, s\u00e5 de kan reparere sig selv. Det lindrer, og med lidt \u00f8velse eller tr\u00e6ning ved siden af kan det hj\u00e6lpe.<span class=\"Apple-converted-space\">\u00a0<\/span><\/h5><p><a href=\"https:\/\/www.linkedin.com\/in\/ACoAAAT_KFcBZyr4JWy6y3xwEr7xPMhqqaPT7Lc\"><b>Maria McTurk<\/b><\/a> har mere end 20 \u00e5rs erfaring med at l\u00f8sne og afhj\u00e6lpe iskiassmerter sp\u00e6ndingerne og smerterne. <span class=\"Apple-converted-space\">\u00a0<\/span><\/p><h5>Book en massage og f\u00e5 musklerne l\u00f8snet der kan skylde dine iskiassmerter:<span class=\"Apple-converted-space\">\u00a0<\/span><\/h5>\t\t\t\t\t\t<\/div>\n\t\t\t\t<\/div>\n\t\t\t\t\t<\/div>\n\t\t\t\t<\/div>\n\t\t<div class=\"elementor-element elementor-element-3deb791 e-flex e-con-boxed e-con e-parent\" data-id=\"3deb791\" data-element_type=\"container\">\n\t\t\t\t\t<div class=\"e-con-inner\">\n\t\t\t\t<div class=\"elementor-element elementor-element-da68ebe elementor-align-justify elementor-widget elementor-widget-button\" data-id=\"da68ebe\" data-element_type=\"widget\" data-widget_type=\"button.default\">\n\t\t\t\t<div class=\"elementor-widget-container\">\n\t\t\t\t\t<div class=\"elementor-button-wrapper\">\n\t\t\t<a class=\"elementor-button elementor-button-link elementor-size-sm\" href=\"https:\/\/mcturkmassage.dk\/index.php\/linktree-dansk\/bestil-tid\/\">\n\t\t\t\t\t\t<span class=\"elementor-button-content-wrapper\">\n\t\t\t\t\t\t\t\t\t<span class=\"elementor-button-text\">Book en tid med  Maria McTurk ved at klikke her<\/span>\n\t\t\t\t\t<\/span>\n\t\t\t\t\t<\/a>\n\t\t<\/div>\n\t\t\t\t<\/div>\n\t\t\t\t<\/div>\n\t\t\t\t\t<\/div>\n\t\t\t\t<\/div>\n\t\t<div class=\"elementor-element elementor-element-9d5665a e-flex e-con-boxed e-con e-parent\" data-id=\"9d5665a\" data-element_type=\"container\">\n\t\t\t\t\t<div class=\"e-con-inner\">\n\t\t\t\t<div class=\"elementor-element elementor-element-a30af7a elementor-widget elementor-widget-heading\" data-id=\"a30af7a\" data-element_type=\"widget\" data-widget_type=\"heading.default\">\n\t\t\t\t<div class=\"elementor-widget-container\">\n\t\t\t<h2 class=\"elementor-heading-title elementor-size-default\">Iskiassmerter anmeldelser<\/h2>\t\t<\/div>\n\t\t\t\t<\/div>\n\t\t\t\t\t<\/div>\n\t\t\t\t<\/div>\n\t\t<div class=\"elementor-element elementor-element-7c93bba e-flex e-con-boxed e-con e-parent\" data-id=\"7c93bba\" data-element_type=\"container\">\n\t\t\t\t\t<div class=\"e-con-inner\">\n\t\t\t\t<div class=\"elementor-element elementor-element-ac5bb21 elementor-widget elementor-widget-text-editor\" data-id=\"ac5bb21\" data-element_type=\"widget\" data-widget_type=\"text-editor.default\">\n\t\t\t\t<div class=\"elementor-widget-container\">\n\t\t\t\t\t\t\t<div class=\"tr-widget\" data-id=\"5075\" data-view=\"\" data-lang=\"\"><a class=\"trcr\" href=\"https:\/\/trust.reviews\/\" target=\"_blank\" rel=\"noopener\">Powered by Trust.Reviews<\/a><\/div>\n<script type=\"text\/javascript\" src=\"https:\/\/cdn.trust.reviews\/widget\/embed.min.js\" defer><\/script>\t\t\t\t\t\t<\/div>\n\t\t\t\t<\/div>\n\t\t\t\t\t<\/div>\n\t\t\t\t<\/div>\n\t\t\t\t<\/div>\n\t\t","protected":false},"excerpt":{"rendered":"<p>L\u00e6nden kan ofte skyldes Iskiassmerter. Massage kan ikke altid fikse det, men det kan l\u00f8sne musklerne op, s\u00e5 de kan reparere sig selv. Det lindrer, og med lidt \u00f8velse eller tr\u00e6ning ved siden af kan det hj\u00e6lpe.\u00a0 Maria McTurk har mere end 20 \u00e5rs erfaring med at l\u00f8sne og afhj\u00e6lpe iskiassmerter sp\u00e6ndingerne og smerterne. \u00a0&#8230;<\/p>\n","protected":false},"author":1,"featured_media":0,"parent":72,"menu_order":5,"comment_status":"closed","ping_status":"closed","template":"elementor_canvas","meta":{"om_disable_all_campaigns":false,"_monsterinsights_skip_tracking":false,"_monsterinsights_sitenote_active":false,"_monsterinsights_sitenote_note":"","_monsterinsights_sitenote_category":0,"_kad_post_transparent":"","_kad_post_title":"hide","_kad_post_layout":"fullwidth","_kad_post_sidebar_id":"","_kad_post_content_style":"unboxed","_kad_post_vertical_padding":"hide","_kad_post_feature":"hide","_kad_post_feature_position":"","_kad_post_header":false,"_kad_post_footer":false,"footnotes":""},"folder":[],"aioseo_notices":[],"_links":{"self":[{"href":"https:\/\/mcturkmassage.dk\/index.php\/wp-json\/wp\/v2\/pages\/215"}],"collection":[{"href":"https:\/\/mcturkmassage.dk\/index.php\/wp-json\/wp\/v2\/pages"}],"about":[{"href":"https:\/\/mcturkmassage.dk\/index.php\/wp-json\/wp\/v2\/types\/page"}],"author":[{"embeddable":true,"href":"https:\/\/mcturkmassage.dk\/index.php\/wp-json\/wp\/v2\/users\/1"}],"replies":[{"embeddable":true,"href":"https:\/\/mcturkmassage.dk\/index.php\/wp-json\/wp\/v2\/comments?post=215"}],"version-history":[{"count":29,"href":"https:\/\/mcturkmassage.dk\/index.php\/wp-json\/wp\/v2\/pages\/215\/revisions"}],"predecessor-version":[{"id":630,"href":"https:\/\/mcturkmassage.dk\/index.php\/wp-json\/wp\/v2\/pages\/215\/revisions\/630"}],"up":[{"embeddable":true,"href":"https:\/\/mcturkmassage.dk\/index.php\/wp-json\/wp\/v2\/pages\/72"}],"wp:attachment":[{"href":"https:\/\/mcturkmassage.dk\/index.php\/wp-json\/wp\/v2\/media?parent=215"}],"wp:term":[{"taxonomy":"folder","embeddable":true,"href":"https:\/\/mcturkmassage.dk\/index.php\/wp-json\/wp\/v2\/folder?post=215"}],"curies":[{"name":"wp","href":"https:\/\/api.w.org\/{rel}","templated":true}]}}