{"id":225,"date":"2024-03-09T19:16:37","date_gmt":"2024-03-09T19:16:37","guid":{"rendered":"https:\/\/mcturkmassage.dk\/?page_id=225"},"modified":"2024-03-13T11:22:47","modified_gmt":"2024-03-13T11:22:47","slug":"hovedpine-migraene-anmeldelser","status":"publish","type":"page","link":"https:\/\/mcturkmassage.dk\/index.php\/linktree-dansk\/massage-behandlinger\/hovedpine-migraene-anmeldelser\/","title":{"rendered":"Hovedpine &#038; Migr\u00e6ne anmeldelser"},"content":{"rendered":"\t\t<div data-elementor-type=\"wp-page\" data-elementor-id=\"225\" class=\"elementor elementor-225\">\n\t\t\t\t<div class=\"elementor-element elementor-element-e896b9c e-flex e-con-boxed e-con e-parent\" data-id=\"e896b9c\" data-element_type=\"container\">\n\t\t\t\t\t<div class=\"e-con-inner\">\n\t\t\t\t<div class=\"elementor-element elementor-element-5378539 elementor-widget elementor-widget-image\" data-id=\"5378539\" data-element_type=\"widget\" data-widget_type=\"image.default\">\n\t\t\t\t<div class=\"elementor-widget-container\">\n\t\t\t\t\t\t\t\t\t\t\t\t\t<img fetchpriority=\"high\" decoding=\"async\" width=\"300\" height=\"300\" src=\"https:\/\/mcturkmassage.dk\/wp-content\/uploads\/2024\/03\/Logo-til-Wordpress.png\" class=\"attachment-medium size-medium wp-image-44\" alt=\"\" \/>\t\t\t\t\t\t\t\t\t\t\t\t\t<\/div>\n\t\t\t\t<\/div>\n\t\t\t\t\t<\/div>\n\t\t\t\t<\/div>\n\t\t<div class=\"elementor-element elementor-element-038e51b e-flex e-con-boxed e-con e-parent\" data-id=\"038e51b\" data-element_type=\"container\">\n\t\t\t\t\t<div class=\"e-con-inner\">\n\t\t\t\t<div class=\"elementor-element elementor-element-de04566 elementor-widget elementor-widget-image\" data-id=\"de04566\" data-element_type=\"widget\" data-widget_type=\"image.default\">\n\t\t\t\t<div class=\"elementor-widget-container\">\n\t\t\t\t\t\t\t\t\t\t\t\t\t<img decoding=\"async\" width=\"768\" height=\"596\" src=\"https:\/\/mcturkmassage.dk\/wp-content\/uploads\/2024\/03\/Har-du-ofte-hovedpine-eller-migraener.png\" class=\"attachment-medium_large size-medium_large wp-image-271\" alt=\"\" \/>\t\t\t\t\t\t\t\t\t\t\t\t\t<\/div>\n\t\t\t\t<\/div>\n\t\t\t\t\t<\/div>\n\t\t\t\t<\/div>\n\t\t<div class=\"elementor-element elementor-element-c39b779 e-flex e-con-boxed e-con e-parent\" data-id=\"c39b779\" data-element_type=\"container\">\n\t\t\t\t\t<div class=\"e-con-inner\">\n\t\t\t\t<div class=\"elementor-element elementor-element-18371ac elementor-widget elementor-widget-text-editor\" data-id=\"18371ac\" data-element_type=\"widget\" data-widget_type=\"text-editor.default\">\n\t\t\t\t<div class=\"elementor-widget-container\">\n\t\t\t\t\t\t\t<h4><b>Lider du ofte af hovedpine eller migr\u00e6ne?<span class=\"Apple-converted-space\">\u00a0<br \/><br \/><\/span><\/b><\/h4><h5>Ofte skyldes det sp\u00e6ndinger i nakken og skuldrene. Massage b\u00e5de i hovedbunden og nakken kan l\u00f8sne meget op og afhj\u00e6lpe sp\u00e6ndingerne og smerterne.<span class=\"Apple-converted-space\">\u00a0<\/span><\/h5><p><a href=\"https:\/\/www.linkedin.com\/in\/ACoAAAT_KFcBZyr4JWy6y3xwEr7xPMhqqaPT7Lc\"><b>Maria McTurk<\/b><\/a> har mere end 20 \u00e5rs erfaring med at l\u00f8sne op, afhj\u00e6lpe sp\u00e6ndingerne og smerterne som kan medf\u00f8re hovedpine og migr\u00e6ner.<\/p>\t\t\t\t\t\t<\/div>\n\t\t\t\t<\/div>\n\t\t\t\t\t<\/div>\n\t\t\t\t<\/div>\n\t\t<div class=\"elementor-element elementor-element-72dc7df e-flex e-con-boxed e-con e-parent\" data-id=\"72dc7df\" data-element_type=\"container\">\n\t\t\t\t\t<div class=\"e-con-inner\">\n\t\t\t\t<div class=\"elementor-element elementor-element-7d5e8d1 elementor-align-justify elementor-widget elementor-widget-button\" data-id=\"7d5e8d1\" data-element_type=\"widget\" data-widget_type=\"button.default\">\n\t\t\t\t<div class=\"elementor-widget-container\">\n\t\t\t\t\t<div class=\"elementor-button-wrapper\">\n\t\t\t<a class=\"elementor-button elementor-button-link elementor-size-sm\" href=\"https:\/\/mcturkmassage.dk\/index.php\/linktree-dansk\/bestil-tid\/\">\n\t\t\t\t\t\t<span class=\"elementor-button-content-wrapper\">\n\t\t\t\t\t\t\t\t\t<span class=\"elementor-button-text\">Book en tid med  Maria McTurk ved at klikke her<\/span>\n\t\t\t\t\t<\/span>\n\t\t\t\t\t<\/a>\n\t\t<\/div>\n\t\t\t\t<\/div>\n\t\t\t\t<\/div>\n\t\t\t\t\t<\/div>\n\t\t\t\t<\/div>\n\t\t<div class=\"elementor-element elementor-element-37502da e-flex e-con-boxed e-con e-parent\" data-id=\"37502da\" data-element_type=\"container\">\n\t\t\t\t\t<div class=\"e-con-inner\">\n\t\t\t\t<div class=\"elementor-element elementor-element-3068335 elementor-widget elementor-widget-heading\" data-id=\"3068335\" data-element_type=\"widget\" data-widget_type=\"heading.default\">\n\t\t\t\t<div class=\"elementor-widget-container\">\n\t\t\t<h2 class=\"elementor-heading-title elementor-size-default\">Hovedpine og Migr\u00e6ne anmeldelser<\/h2>\t\t<\/div>\n\t\t\t\t<\/div>\n\t\t\t\t\t<\/div>\n\t\t\t\t<\/div>\n\t\t<div class=\"elementor-element elementor-element-1d9f896 e-flex e-con-boxed e-con e-parent\" data-id=\"1d9f896\" data-element_type=\"container\">\n\t\t\t\t\t<div class=\"e-con-inner\">\n\t\t\t\t<div class=\"elementor-element elementor-element-4fac929 elementor-widget elementor-widget-text-editor\" data-id=\"4fac929\" data-element_type=\"widget\" data-widget_type=\"text-editor.default\">\n\t\t\t\t<div class=\"elementor-widget-container\">\n\t\t\t\t\t\t\t<div class=\"tr-widget\" data-id=\"5075\" data-view=\"\" data-lang=\"\"><a class=\"trcr\" href=\"https:\/\/trust.reviews\/\" target=\"_blank\" rel=\"noopener\">Powered by Trust.Reviews<\/a><\/div>\n<script type=\"text\/javascript\" src=\"https:\/\/cdn.trust.reviews\/widget\/embed.min.js\" defer><\/script>\t\t\t\t\t\t<\/div>\n\t\t\t\t<\/div>\n\t\t\t\t\t<\/div>\n\t\t\t\t<\/div>\n\t\t\t\t<\/div>\n\t\t","protected":false},"excerpt":{"rendered":"<p>Lider du ofte af hovedpine eller migr\u00e6ne?\u00a0 Ofte skyldes det sp\u00e6ndinger i nakken og skuldrene. Massage b\u00e5de i hovedbunden og nakken kan l\u00f8sne meget op og afhj\u00e6lpe sp\u00e6ndingerne og smerterne.\u00a0 Maria McTurk har mere end 20 \u00e5rs erfaring med at l\u00f8sne op, afhj\u00e6lpe sp\u00e6ndingerne og smerterne som kan medf\u00f8re hovedpine og migr\u00e6ner. Book en tid&#8230;<\/p>\n","protected":false},"author":1,"featured_media":0,"parent":72,"menu_order":6,"comment_status":"closed","ping_status":"closed","template":"elementor_canvas","meta":{"om_disable_all_campaigns":false,"_monsterinsights_skip_tracking":false,"_monsterinsights_sitenote_active":false,"_monsterinsights_sitenote_note":"","_monsterinsights_sitenote_category":0,"_kad_post_transparent":"","_kad_post_title":"hide","_kad_post_layout":"fullwidth","_kad_post_sidebar_id":"","_kad_post_content_style":"unboxed","_kad_post_vertical_padding":"hide","_kad_post_feature":"hide","_kad_post_feature_position":"","_kad_post_header":false,"_kad_post_footer":false,"footnotes":""},"folder":[],"aioseo_notices":[],"_links":{"self":[{"href":"https:\/\/mcturkmassage.dk\/index.php\/wp-json\/wp\/v2\/pages\/225"}],"collection":[{"href":"https:\/\/mcturkmassage.dk\/index.php\/wp-json\/wp\/v2\/pages"}],"about":[{"href":"https:\/\/mcturkmassage.dk\/index.php\/wp-json\/wp\/v2\/types\/page"}],"author":[{"embeddable":true,"href":"https:\/\/mcturkmassage.dk\/index.php\/wp-json\/wp\/v2\/users\/1"}],"replies":[{"embeddable":true,"href":"https:\/\/mcturkmassage.dk\/index.php\/wp-json\/wp\/v2\/comments?post=225"}],"version-history":[{"count":23,"href":"https:\/\/mcturkmassage.dk\/index.php\/wp-json\/wp\/v2\/pages\/225\/revisions"}],"predecessor-version":[{"id":633,"href":"https:\/\/mcturkmassage.dk\/index.php\/wp-json\/wp\/v2\/pages\/225\/revisions\/633"}],"up":[{"embeddable":true,"href":"https:\/\/mcturkmassage.dk\/index.php\/wp-json\/wp\/v2\/pages\/72"}],"wp:attachment":[{"href":"https:\/\/mcturkmassage.dk\/index.php\/wp-json\/wp\/v2\/media?parent=225"}],"wp:term":[{"taxonomy":"folder","embeddable":true,"href":"https:\/\/mcturkmassage.dk\/index.php\/wp-json\/wp\/v2\/folder?post=225"}],"curies":[{"name":"wp","href":"https:\/\/api.w.org\/{rel}","templated":true}]}}