{"id":235,"date":"2024-03-09T20:32:21","date_gmt":"2024-03-09T20:32:57","guid":{"rendered":"https:\/\/mcturkmassage.dk\/?page_id=235"},"modified":"2024-03-13T11:24:30","modified_gmt":"2024-03-13T11:24:30","slug":"gravidmassage-anmeldelser","status":"publish","type":"page","link":"https:\/\/mcturkmassage.dk\/index.php\/linktree-dansk\/massage-behandlinger\/gravidmassage-anmeldelser\/","title":{"rendered":"Gravidmassage Anmeldelser"},"content":{"rendered":"\t\t<div data-elementor-type=\"wp-page\" data-elementor-id=\"235\" class=\"elementor elementor-235\">\n\t\t\t\t<div class=\"elementor-element elementor-element-26b1ba1 e-flex e-con-boxed e-con e-parent\" data-id=\"26b1ba1\" data-element_type=\"container\">\n\t\t\t\t\t<div class=\"e-con-inner\">\n\t\t\t\t<div class=\"elementor-element elementor-element-f985c5b elementor-widget elementor-widget-image\" data-id=\"f985c5b\" data-element_type=\"widget\" data-widget_type=\"image.default\">\n\t\t\t\t<div class=\"elementor-widget-container\">\n\t\t\t\t\t\t\t\t\t\t\t\t\t<img fetchpriority=\"high\" decoding=\"async\" width=\"300\" height=\"300\" src=\"https:\/\/mcturkmassage.dk\/wp-content\/uploads\/2024\/03\/Logo-til-Wordpress.png\" class=\"attachment-medium size-medium wp-image-44\" alt=\"\" \/>\t\t\t\t\t\t\t\t\t\t\t\t\t<\/div>\n\t\t\t\t<\/div>\n\t\t\t\t\t<\/div>\n\t\t\t\t<\/div>\n\t\t<div class=\"elementor-element elementor-element-fd231a2 e-flex e-con-boxed e-con e-parent\" data-id=\"fd231a2\" data-element_type=\"container\">\n\t\t\t\t\t<div class=\"e-con-inner\">\n\t\t\t\t<div class=\"elementor-element elementor-element-94643f7 elementor-widget elementor-widget-image\" data-id=\"94643f7\" data-element_type=\"widget\" data-widget_type=\"image.default\">\n\t\t\t\t<div class=\"elementor-widget-container\">\n\t\t\t\t\t\t\t\t\t\t\t\t\t<img decoding=\"async\" width=\"768\" height=\"626\" src=\"https:\/\/mcturkmassage.dk\/wp-content\/uploads\/2024\/03\/Pregnancy-massage-2.png\" class=\"attachment-medium_large size-medium_large wp-image-634\" alt=\"\" \/>\t\t\t\t\t\t\t\t\t\t\t\t\t<\/div>\n\t\t\t\t<\/div>\n\t\t\t\t\t<\/div>\n\t\t\t\t<\/div>\n\t\t<div class=\"elementor-element elementor-element-410fb99 e-flex e-con-boxed e-con e-parent\" data-id=\"410fb99\" data-element_type=\"container\">\n\t\t\t\t\t<div class=\"e-con-inner\">\n\t\t\t\t<div class=\"elementor-element elementor-element-23cab2d elementor-widget elementor-widget-text-editor\" data-id=\"23cab2d\" data-element_type=\"widget\" data-widget_type=\"text-editor.default\">\n\t\t\t\t<div class=\"elementor-widget-container\">\n\t\t\t\t\t\t\t<h4><span style=\"font-family: var(--global-heading-font-family); font-size: 20px; text-align: var(--text-align);\">&nbsp;<\/span><span style=\"font-family: var(--global-heading-font-family); font-size: 20px; text-align: var(--text-align);\">Massage kan lindre og forebygge sp\u00e6ndinger og komplikationer under graviditet. Ofte er det hofter og l\u00e6nd der bliver udfordret.&nbsp;<\/span><\/h4>\n<div>&nbsp;<\/div>\n<div><a style=\"text-align: var(--text-align);\" href=\"https:\/\/www.linkedin.com\/in\/ACoAAAT_KFcBZyr4JWy6y3xwEr7xPMhqqaPT7Lc\"><b>Maria McTurk<\/b><\/a><span style=\"text-align: var(--text-align);\"> har mere end 20 \u00e5rs erfaring med gravidmassage <\/span><span style=\"text-align: var(--text-align);\">\u2013 hvilke muskler der bliver mest belastede under en graviditet og kan l\u00f8sne musklerne for at g\u00f8re graviditeten mere behagelig og nemmere af afhj\u00e6lpe b\u00e6kken smerter.<\/span><span style=\"text-align: var(--text-align);\">&nbsp;<\/span><\/div>\n<div><span style=\"text-align: var(--text-align);\">Hun ved at det ogs\u00e5 bare er sk\u00f8nt at kunne ligge p\u00e5 maven under behandlingen og blive helt afslappet.<\/span><\/div>\t\t\t\t\t\t<\/div>\n\t\t\t\t<\/div>\n\t\t\t\t\t<\/div>\n\t\t\t\t<\/div>\n\t\t<div class=\"elementor-element elementor-element-63ef737 e-flex e-con-boxed e-con e-parent\" data-id=\"63ef737\" data-element_type=\"container\">\n\t\t\t\t\t<div class=\"e-con-inner\">\n\t\t\t\t<div class=\"elementor-element elementor-element-5c22e26 elementor-align-justify elementor-widget elementor-widget-button\" data-id=\"5c22e26\" data-element_type=\"widget\" data-widget_type=\"button.default\">\n\t\t\t\t<div class=\"elementor-widget-container\">\n\t\t\t\t\t<div class=\"elementor-button-wrapper\">\n\t\t\t<a class=\"elementor-button elementor-button-link elementor-size-sm\" href=\"https:\/\/mcturkmassage.dk\/index.php\/linktree-dansk\/bestil-tid\/\">\n\t\t\t\t\t\t<span class=\"elementor-button-content-wrapper\">\n\t\t\t\t\t\t\t\t\t<span class=\"elementor-button-text\">Book en tid gravidmassage med  Maria McTurk ved at klikke her<\/span>\n\t\t\t\t\t<\/span>\n\t\t\t\t\t<\/a>\n\t\t<\/div>\n\t\t\t\t<\/div>\n\t\t\t\t<\/div>\n\t\t\t\t\t<\/div>\n\t\t\t\t<\/div>\n\t\t<div class=\"elementor-element elementor-element-fad24ad e-flex e-con-boxed e-con e-parent\" data-id=\"fad24ad\" data-element_type=\"container\">\n\t\t\t\t\t<div class=\"e-con-inner\">\n\t\t\t\t<div class=\"elementor-element elementor-element-6ed2a9e elementor-widget elementor-widget-heading\" data-id=\"6ed2a9e\" data-element_type=\"widget\" data-widget_type=\"heading.default\">\n\t\t\t\t<div class=\"elementor-widget-container\">\n\t\t\t<h2 class=\"elementor-heading-title elementor-size-default\">Gravidmassage anmeldelser<\/h2>\t\t<\/div>\n\t\t\t\t<\/div>\n\t\t\t\t\t<\/div>\n\t\t\t\t<\/div>\n\t\t<div class=\"elementor-element elementor-element-0a462de e-flex e-con-boxed e-con e-parent\" data-id=\"0a462de\" data-element_type=\"container\">\n\t\t\t\t\t<div class=\"e-con-inner\">\n\t\t\t\t<div class=\"elementor-element elementor-element-37b2af9 elementor-widget elementor-widget-text-editor\" data-id=\"37b2af9\" data-element_type=\"widget\" data-widget_type=\"text-editor.default\">\n\t\t\t\t<div class=\"elementor-widget-container\">\n\t\t\t\t\t\t\t<div class=\"tr-widget\" data-id=\"5081\" data-view=\"slider\" data-lang=\"\"><a class=\"trcr\" href=\"https:\/\/trust.reviews\/\" target=\"_blank\" rel=\"noopener\">Powered by Trust.Reviews<\/a><\/div>\n<script type=\"text\/javascript\" src=\"https:\/\/cdn.trust.reviews\/widget\/embed.min.js\" defer><\/script>\t\t\t\t\t\t<\/div>\n\t\t\t\t<\/div>\n\t\t\t\t\t<\/div>\n\t\t\t\t<\/div>\n\t\t<div class=\"elementor-element elementor-element-95cb744 e-flex e-con-boxed e-con e-parent\" data-id=\"95cb744\" data-element_type=\"container\">\n\t\t\t\t\t<div class=\"e-con-inner\">\n\t\t\t\t<div class=\"elementor-element elementor-element-f2fd7dc elementor-widget elementor-widget-text-editor\" data-id=\"f2fd7dc\" data-element_type=\"widget\" data-widget_type=\"text-editor.default\">\n\t\t\t\t<div class=\"elementor-widget-container\">\n\t\t\t\t\t\t\t<p>McTurk Massage er drevet af <a href=\"https:\/\/mcturkmassage.iainmcturk.com\/index.php\/linktree-dansk\/hvad-er-mcturk-massage\/\" target=\"_blank\" rel=\"noopener\">Maria McTurk<\/a>.<\/p>\t\t\t\t\t\t<\/div>\n\t\t\t\t<\/div>\n\t\t\t\t\t<\/div>\n\t\t\t\t<\/div>\n\t\t\t\t<\/div>\n\t\t","protected":false},"excerpt":{"rendered":"<p>&nbsp;Massage kan lindre og forebygge sp\u00e6ndinger og komplikationer under graviditet. Ofte er det hofter og l\u00e6nd der bliver udfordret.&nbsp; &nbsp; Maria McTurk har mere end 20 \u00e5rs erfaring med gravidmassage \u2013 hvilke muskler der bliver mest belastede under en graviditet og kan l\u00f8sne musklerne for at g\u00f8re graviditeten mere behagelig og nemmere af afhj\u00e6lpe b\u00e6kken&#8230;<\/p>\n","protected":false},"author":1,"featured_media":0,"parent":72,"menu_order":7,"comment_status":"closed","ping_status":"closed","template":"elementor_canvas","meta":{"om_disable_all_campaigns":false,"_monsterinsights_skip_tracking":false,"_monsterinsights_sitenote_active":false,"_monsterinsights_sitenote_note":"","_monsterinsights_sitenote_category":0,"_kad_post_transparent":"","_kad_post_title":"hide","_kad_post_layout":"fullwidth","_kad_post_sidebar_id":"","_kad_post_content_style":"unboxed","_kad_post_vertical_padding":"hide","_kad_post_feature":"hide","_kad_post_feature_position":"","_kad_post_header":false,"_kad_post_footer":false,"footnotes":""},"folder":[],"aioseo_notices":[],"_links":{"self":[{"href":"https:\/\/mcturkmassage.dk\/index.php\/wp-json\/wp\/v2\/pages\/235"}],"collection":[{"href":"https:\/\/mcturkmassage.dk\/index.php\/wp-json\/wp\/v2\/pages"}],"about":[{"href":"https:\/\/mcturkmassage.dk\/index.php\/wp-json\/wp\/v2\/types\/page"}],"author":[{"embeddable":true,"href":"https:\/\/mcturkmassage.dk\/index.php\/wp-json\/wp\/v2\/users\/1"}],"replies":[{"embeddable":true,"href":"https:\/\/mcturkmassage.dk\/index.php\/wp-json\/wp\/v2\/comments?post=235"}],"version-history":[{"count":45,"href":"https:\/\/mcturkmassage.dk\/index.php\/wp-json\/wp\/v2\/pages\/235\/revisions"}],"predecessor-version":[{"id":640,"href":"https:\/\/mcturkmassage.dk\/index.php\/wp-json\/wp\/v2\/pages\/235\/revisions\/640"}],"up":[{"embeddable":true,"href":"https:\/\/mcturkmassage.dk\/index.php\/wp-json\/wp\/v2\/pages\/72"}],"wp:attachment":[{"href":"https:\/\/mcturkmassage.dk\/index.php\/wp-json\/wp\/v2\/media?parent=235"}],"wp:term":[{"taxonomy":"folder","embeddable":true,"href":"https:\/\/mcturkmassage.dk\/index.php\/wp-json\/wp\/v2\/folder?post=235"}],"curies":[{"name":"wp","href":"https:\/\/api.w.org\/{rel}","templated":true}]}}