{"id":734,"date":"2024-11-06T20:33:54","date_gmt":"2024-11-06T20:33:54","guid":{"rendered":"https:\/\/mcturkmassage.dk\/index.php\/linktree-dansk\/hvad-er-mcturk-massage-2\/"},"modified":"2024-11-06T20:38:54","modified_gmt":"2024-11-06T20:38:54","slug":"firma-aftale","status":"publish","type":"page","link":"https:\/\/mcturkmassage.dk\/index.php\/linktree-dansk\/firma-aftale\/","title":{"rendered":"Firma Aftale"},"content":{"rendered":"\t\t<div data-elementor-type=\"wp-page\" data-elementor-id=\"734\" class=\"elementor elementor-734\">\n\t\t\t\t<div class=\"elementor-element elementor-element-9c708e5 e-flex e-con-boxed e-con e-parent\" data-id=\"9c708e5\" data-element_type=\"container\">\n\t\t\t\t\t<div class=\"e-con-inner\">\n\t\t\t\t<div class=\"elementor-element elementor-element-450c311 elementor-widget elementor-widget-image\" data-id=\"450c311\" data-element_type=\"widget\" data-widget_type=\"image.default\">\n\t\t\t\t<div class=\"elementor-widget-container\">\n\t\t\t\t\t\t\t\t\t\t\t\t\t<img fetchpriority=\"high\" decoding=\"async\" width=\"300\" height=\"300\" src=\"https:\/\/mcturkmassage.dk\/wp-content\/uploads\/2024\/03\/Logo-til-Wordpress.png\" class=\"attachment-medium size-medium wp-image-44\" alt=\"\" \/>\t\t\t\t\t\t\t\t\t\t\t\t\t<\/div>\n\t\t\t\t<\/div>\n\t\t\t\t\t<\/div>\n\t\t\t\t<\/div>\n\t\t<div class=\"elementor-element elementor-element-b490ca6 e-flex e-con-boxed e-con e-parent\" data-id=\"b490ca6\" data-element_type=\"container\">\n\t\t\t\t\t<div class=\"e-con-inner\">\n\t\t\t\t<div class=\"elementor-element elementor-element-a1aaefa elementor-widget elementor-widget-heading\" data-id=\"a1aaefa\" data-element_type=\"widget\" data-widget_type=\"heading.default\">\n\t\t\t\t<div class=\"elementor-widget-container\">\n\t\t\t<h1 class=\"elementor-heading-title elementor-size-default\">Firma aftale<\/h1>\t\t<\/div>\n\t\t\t\t<\/div>\n\t\t\t\t\t<\/div>\n\t\t\t\t<\/div>\n\t\t<div class=\"elementor-element elementor-element-4693a11 e-flex e-con-boxed e-con e-parent\" data-id=\"4693a11\" data-element_type=\"container\">\n\t\t\t\t\t<div class=\"e-con-inner\">\n\t\t\t\t<div class=\"elementor-element elementor-element-d70b796 elementor-widget elementor-widget-text-editor\" data-id=\"d70b796\" data-element_type=\"widget\" data-widget_type=\"text-editor.default\">\n\t\t\t\t<div class=\"elementor-widget-container\">\n\t\t\t\t\t\t\t<p>\u00d8nsker jeres virksomhed en firma aftale, kan den skr\u00e6ddersyes efter behov.<\/p><p>Kontakt Maria McTurk p\u00e5 <a href=\"mailto:mcturkmassage@gmail.com\">mcturkmassage@gmail.com<\/a> for mere info og sp\u00f8rgsm\u00e5l.<\/p>\t\t\t\t\t\t<\/div>\n\t\t\t\t<\/div>\n\t\t\t\t\t<\/div>\n\t\t\t\t<\/div>\n\t\t<div class=\"elementor-element elementor-element-10fb75b e-flex e-con-boxed e-con e-parent\" data-id=\"10fb75b\" data-element_type=\"container\">\n\t\t\t\t\t<div class=\"e-con-inner\">\n\t\t\t\t<div class=\"elementor-element elementor-element-88fdb68 elementor-widget elementor-widget-image\" data-id=\"88fdb68\" data-element_type=\"widget\" data-widget_type=\"image.default\">\n\t\t\t\t<div class=\"elementor-widget-container\">\n\t\t\t\t\t\t\t\t\t\t\t\t\t<img decoding=\"async\" width=\"768\" height=\"1024\" src=\"https:\/\/mcturkmassage.dk\/wp-content\/uploads\/2024\/03\/Maria-both-hands-on-back.png\" class=\"attachment-medium_large size-medium_large wp-image-80\" alt=\"\" \/>\t\t\t\t\t\t\t\t\t\t\t\t\t<\/div>\n\t\t\t\t<\/div>\n\t\t\t\t\t<\/div>\n\t\t\t\t<\/div>\n\t\t<div class=\"elementor-element elementor-element-2d0c857 e-flex e-con-boxed e-con e-parent\" data-id=\"2d0c857\" data-element_type=\"container\">\n\t\t\t\t\t<div class=\"e-con-inner\">\n\t\t\t\t<div class=\"elementor-element elementor-element-60d3e67 elementor-widget elementor-widget-heading\" data-id=\"60d3e67\" data-element_type=\"widget\" data-widget_type=\"heading.default\">\n\t\t\t\t<div class=\"elementor-widget-container\">\n\t\t\t<h2 class=\"elementor-heading-title elementor-size-default\">Anmeldelser<\/h2>\t\t<\/div>\n\t\t\t\t<\/div>\n\t\t\t\t\t<\/div>\n\t\t\t\t<\/div>\n\t\t<div class=\"elementor-element elementor-element-a60e71c e-flex e-con-boxed e-con e-parent\" data-id=\"a60e71c\" data-element_type=\"container\">\n\t\t\t\t\t<div class=\"e-con-inner\">\n\t\t\t\t<div class=\"elementor-element elementor-element-908c2ae elementor-widget elementor-widget-text-editor\" data-id=\"908c2ae\" data-element_type=\"widget\" data-widget_type=\"text-editor.default\">\n\t\t\t\t<div class=\"elementor-widget-container\">\n\t\t\t\t\t\t\t<div class=\"tr-widget\" data-id=\"4071\" data-view=\"slider\" data-lang=\"\"><a class=\"trcr\" href=\"https:\/\/trust.reviews\/\" target=\"_blank\" rel=\"noopener\">Powered by Trust.Reviews<\/a><\/div>\n<script type=\"text\/javascript\" src=\"https:\/\/cdn.trust.reviews\/widget\/embed.min.js\" defer><\/script>\t\t\t\t\t\t<\/div>\n\t\t\t\t<\/div>\n\t\t\t\t\t<\/div>\n\t\t\t\t<\/div>\n\t\t\t\t<\/div>\n\t\t","protected":false},"excerpt":{"rendered":"<p>Firma aftale \u00d8nsker jeres virksomhed en firma aftale, kan den skr\u00e6ddersyes efter behov. Kontakt Maria McTurk p\u00e5 mcturkmassage@gmail.com for mere info og sp\u00f8rgsm\u00e5l. Anmeldelser Powered by Trust.Reviews<\/p>\n","protected":false},"author":2,"featured_media":0,"parent":14,"menu_order":4,"comment_status":"closed","ping_status":"closed","template":"elementor_canvas","meta":{"om_disable_all_campaigns":false,"_monsterinsights_skip_tracking":false,"_monsterinsights_sitenote_active":false,"_monsterinsights_sitenote_note":"","_monsterinsights_sitenote_category":0,"_kad_post_transparent":"","_kad_post_title":"hide","_kad_post_layout":"fullwidth","_kad_post_sidebar_id":"","_kad_post_content_style":"unboxed","_kad_post_vertical_padding":"hide","_kad_post_feature":"hide","_kad_post_feature_position":"","_kad_post_header":false,"_kad_post_footer":false,"footnotes":""},"folder":[],"aioseo_notices":[],"_links":{"self":[{"href":"https:\/\/mcturkmassage.dk\/index.php\/wp-json\/wp\/v2\/pages\/734"}],"collection":[{"href":"https:\/\/mcturkmassage.dk\/index.php\/wp-json\/wp\/v2\/pages"}],"about":[{"href":"https:\/\/mcturkmassage.dk\/index.php\/wp-json\/wp\/v2\/types\/page"}],"author":[{"embeddable":true,"href":"https:\/\/mcturkmassage.dk\/index.php\/wp-json\/wp\/v2\/users\/2"}],"replies":[{"embeddable":true,"href":"https:\/\/mcturkmassage.dk\/index.php\/wp-json\/wp\/v2\/comments?post=734"}],"version-history":[{"count":4,"href":"https:\/\/mcturkmassage.dk\/index.php\/wp-json\/wp\/v2\/pages\/734\/revisions"}],"predecessor-version":[{"id":738,"href":"https:\/\/mcturkmassage.dk\/index.php\/wp-json\/wp\/v2\/pages\/734\/revisions\/738"}],"up":[{"embeddable":true,"href":"https:\/\/mcturkmassage.dk\/index.php\/wp-json\/wp\/v2\/pages\/14"}],"wp:attachment":[{"href":"https:\/\/mcturkmassage.dk\/index.php\/wp-json\/wp\/v2\/media?parent=734"}],"wp:term":[{"taxonomy":"folder","embeddable":true,"href":"https:\/\/mcturkmassage.dk\/index.php\/wp-json\/wp\/v2\/folder?post=734"}],"curies":[{"name":"wp","href":"https:\/\/api.w.org\/{rel}","templated":true}]}}