{"id":78,"date":"2024-03-09T17:35:21","date_gmt":"2024-03-09T17:35:11","guid":{"rendered":"https:\/\/mcturkmassage.dk\/?page_id=78"},"modified":"2024-03-17T18:43:44","modified_gmt":"2024-03-17T18:43:44","slug":"hvad-er-mcturk-massage","status":"publish","type":"page","link":"https:\/\/mcturkmassage.dk\/index.php\/linktree-dansk\/hvad-er-mcturk-massage\/","title":{"rendered":"Hvad er McTurk Massage"},"content":{"rendered":"\t\t<div data-elementor-type=\"wp-page\" data-elementor-id=\"78\" class=\"elementor elementor-78\">\n\t\t\t\t<div class=\"elementor-element elementor-element-9c708e5 e-flex e-con-boxed e-con e-parent\" data-id=\"9c708e5\" data-element_type=\"container\">\n\t\t\t\t\t<div class=\"e-con-inner\">\n\t\t\t\t<div class=\"elementor-element elementor-element-450c311 elementor-widget elementor-widget-image\" data-id=\"450c311\" data-element_type=\"widget\" data-widget_type=\"image.default\">\n\t\t\t\t<div class=\"elementor-widget-container\">\n\t\t\t\t\t\t\t\t\t\t\t\t\t<img fetchpriority=\"high\" decoding=\"async\" width=\"300\" height=\"300\" src=\"https:\/\/mcturkmassage.dk\/wp-content\/uploads\/2024\/03\/Logo-til-Wordpress.png\" class=\"attachment-medium size-medium wp-image-44\" alt=\"\" \/>\t\t\t\t\t\t\t\t\t\t\t\t\t<\/div>\n\t\t\t\t<\/div>\n\t\t\t\t\t<\/div>\n\t\t\t\t<\/div>\n\t\t<div class=\"elementor-element elementor-element-baf84fb e-flex e-con-boxed e-con e-parent\" data-id=\"baf84fb\" data-element_type=\"container\">\n\t\t\t\t\t<div class=\"e-con-inner\">\n\t\t\t\t<div class=\"elementor-element elementor-element-b7ad70a elementor-widget elementor-widget-video\" data-id=\"b7ad70a\" data-element_type=\"widget\" data-settings=\"{&quot;youtube_url&quot;:&quot;https:\\\/\\\/www.youtube.com\\\/watch?time_continue=16&amp;v=c9mGyRoIl1E&quot;,&quot;modestbranding&quot;:&quot;yes&quot;,&quot;video_type&quot;:&quot;youtube&quot;,&quot;controls&quot;:&quot;yes&quot;}\" data-widget_type=\"video.default\">\n\t\t\t\t<div class=\"elementor-widget-container\">\n\t\t\t\t\t<div class=\"elementor-wrapper elementor-open-inline\">\n\t\t\t<div class=\"elementor-video\"><\/div>\t\t<\/div>\n\t\t\t\t<\/div>\n\t\t\t\t<\/div>\n\t\t\t\t\t<\/div>\n\t\t\t\t<\/div>\n\t\t<div class=\"elementor-element elementor-element-b490ca6 e-flex e-con-boxed e-con e-parent\" data-id=\"b490ca6\" data-element_type=\"container\">\n\t\t\t\t\t<div class=\"e-con-inner\">\n\t\t\t\t<div class=\"elementor-element elementor-element-a1aaefa elementor-widget elementor-widget-heading\" data-id=\"a1aaefa\" data-element_type=\"widget\" data-widget_type=\"heading.default\">\n\t\t\t\t<div class=\"elementor-widget-container\">\n\t\t\t<h3 class=\"elementor-heading-title elementor-size-default\">Hvad er McTurk Massage?<\/h3>\t\t<\/div>\n\t\t\t\t<\/div>\n\t\t\t\t\t<\/div>\n\t\t\t\t<\/div>\n\t\t<div class=\"elementor-element elementor-element-4693a11 e-flex e-con-boxed e-con e-parent\" data-id=\"4693a11\" data-element_type=\"container\">\n\t\t\t\t\t<div class=\"e-con-inner\">\n\t\t\t\t<div class=\"elementor-element elementor-element-d70b796 elementor-widget elementor-widget-text-editor\" data-id=\"d70b796\" data-element_type=\"widget\" data-widget_type=\"text-editor.default\">\n\t\t\t\t<div class=\"elementor-widget-container\">\n\t\t\t\t\t\t\t<p>McTurk Massage er <b>fysiurgisk massage<\/b> der hj\u00e6lper kroppen med at l\u00f8sne muskul\u00e6re sp\u00e6ndinger.<\/p>\t\t\t\t\t\t<\/div>\n\t\t\t\t<\/div>\n\t\t\t\t\t<\/div>\n\t\t\t\t<\/div>\n\t\t<div class=\"elementor-element elementor-element-10fb75b e-flex e-con-boxed e-con e-parent\" data-id=\"10fb75b\" data-element_type=\"container\">\n\t\t\t\t\t<div class=\"e-con-inner\">\n\t\t\t\t<div class=\"elementor-element elementor-element-88fdb68 elementor-widget elementor-widget-image\" data-id=\"88fdb68\" data-element_type=\"widget\" data-widget_type=\"image.default\">\n\t\t\t\t<div class=\"elementor-widget-container\">\n\t\t\t\t\t\t\t\t\t\t\t\t\t<img decoding=\"async\" width=\"768\" height=\"1024\" src=\"https:\/\/mcturkmassage.dk\/wp-content\/uploads\/2024\/03\/Maria-both-hands-on-back.png\" class=\"attachment-medium_large size-medium_large wp-image-80\" alt=\"\" \/>\t\t\t\t\t\t\t\t\t\t\t\t\t<\/div>\n\t\t\t\t<\/div>\n\t\t\t\t\t<\/div>\n\t\t\t\t<\/div>\n\t\t<div class=\"elementor-element elementor-element-9ee06c5 e-flex e-con-boxed e-con e-parent\" data-id=\"9ee06c5\" data-element_type=\"container\">\n\t\t\t\t\t<div class=\"e-con-inner\">\n\t\t\t\t<div class=\"elementor-element elementor-element-54ef394 elementor-widget elementor-widget-text-editor\" data-id=\"54ef394\" data-element_type=\"widget\" data-widget_type=\"text-editor.default\">\n\t\t\t\t<div class=\"elementor-widget-container\">\n\t\t\t\t\t\t\t<p>McTurk Massage tilbyder massage behandling som kan <b>hj\u00e6lpe dig<\/b> med: <br \/>\u2022 <a href=\"https:\/\/mcturkmassage.dk\/index.php\/linktree-dansk\/massage-behandlinger\/nakke-skuldre-anmeldelser\/\">Nakkesp\u00e6ndinger<\/a><br \/>\u2022 <a href=\"https:\/\/mcturkmassage.dk\/index.php\/linktree-dansk\/massage-behandlinger\/ryg-nakke-anmeldelser\/\">Rygsmerter<\/a><br \/>\u2022 <a href=\"https:\/\/mcturkmassage.dk\/index.php\/linktree-dansk\/massage-behandlinger\/skuldre-og-arme-anmeldelser\/\">Skuldre og arme<\/a><br \/>\u2022 <a href=\"https:\/\/mcturkmassage.dk\/index.php\/linktree-dansk\/massage-behandlinger\/laend-ryg-anmeldelser\/\">L\u00e6ndesmerter\/sp\u00e6ndinger<\/a><br \/>\u2022 <a href=\"https:\/\/mcturkmassage.dk\/index.php\/linktree-dansk\/massage-behandlinger\/ben-anmeldelser\/\">Ben<\/a><br \/>\u2022 <a href=\"https:\/\/mcturkmassage.dk\/index.php\/linktree-dansk\/massage-behandlinger\/iskiassmerter-anmeldelser\/\">Iskiassmerter<\/a><br \/>\u2022 <a href=\"https:\/\/mcturkmassage.dk\/index.php\/linktree-dansk\/massage-behandlinger\/hovedpine-migraene-anmeldelser\/\">Hovedpine og migr\u00e6ne<\/a><br \/>\u2022 <a href=\"https:\/\/mcturkmassage.dk\/index.php\/linktree-dansk\/massage-behandlinger\/gravidmassage-anmeldelser\/\">Gravidsmerter og sp\u00e6ndinger<\/a><br \/>\u2022 <a href=\"https:\/\/mcturkmassage.dk\/index.php\/linktree-dansk\/massage-behandlinger\/piskesmaeld-anmeldelser\/\">Piskesm\u00e6ld (whiplash)<\/a><\/p><p>Tryk p\u00e5 de overst\u00e5nede links for at l\u00e6se specifikke anmeldelser om hvordan Maria har hjulpet andre med disse smerter og sp\u00e6ndinger.<\/p>\t\t\t\t\t\t<\/div>\n\t\t\t\t<\/div>\n\t\t\t\t\t<\/div>\n\t\t\t\t<\/div>\n\t\t<div class=\"elementor-element elementor-element-b26c268 e-flex e-con-boxed e-con e-parent\" data-id=\"b26c268\" data-element_type=\"container\">\n\t\t\t\t\t<div class=\"e-con-inner\">\n\t\t\t\t<div class=\"elementor-element elementor-element-9c3dacd elementor-widget elementor-widget-image\" data-id=\"9c3dacd\" data-element_type=\"widget\" data-widget_type=\"image.default\">\n\t\t\t\t<div class=\"elementor-widget-container\">\n\t\t\t\t\t\t\t\t\t\t\t\t\t<img decoding=\"async\" width=\"768\" height=\"1024\" src=\"https:\/\/mcturkmassage.dk\/wp-content\/uploads\/2024\/03\/Maria-Elbow-back.png\" class=\"attachment-medium_large size-medium_large wp-image-81\" alt=\"\" \/>\t\t\t\t\t\t\t\t\t\t\t\t\t<\/div>\n\t\t\t\t<\/div>\n\t\t\t\t\t<\/div>\n\t\t\t\t<\/div>\n\t\t<div class=\"elementor-element elementor-element-0aaafac e-flex e-con-boxed e-con e-parent\" data-id=\"0aaafac\" data-element_type=\"container\">\n\t\t\t\t\t<div class=\"e-con-inner\">\n\t\t\t\t\t<\/div>\n\t\t\t\t<\/div>\n\t\t<div class=\"elementor-element elementor-element-8f690aa e-flex e-con-boxed e-con e-parent\" data-id=\"8f690aa\" data-element_type=\"container\">\n\t\t\t\t\t<div class=\"e-con-inner\">\n\t\t\t\t<div class=\"elementor-element elementor-element-08242a9 elementor-widget elementor-widget-heading\" data-id=\"08242a9\" data-element_type=\"widget\" data-widget_type=\"heading.default\">\n\t\t\t\t<div class=\"elementor-widget-container\">\n\t\t\t<h3 class=\"elementor-heading-title elementor-size-default\">Hvem er Maria McTurk?<\/h3>\t\t<\/div>\n\t\t\t\t<\/div>\n\t\t\t\t\t<\/div>\n\t\t\t\t<\/div>\n\t\t<div class=\"elementor-element elementor-element-45818eb e-flex e-con-boxed e-con e-parent\" data-id=\"45818eb\" data-element_type=\"container\">\n\t\t\t\t\t<div class=\"e-con-inner\">\n\t\t\t\t<div class=\"elementor-element elementor-element-14ef68f elementor-widget elementor-widget-image\" data-id=\"14ef68f\" data-element_type=\"widget\" data-widget_type=\"image.default\">\n\t\t\t\t<div class=\"elementor-widget-container\">\n\t\t\t\t\t\t\t\t\t\t\t\t\t<img loading=\"lazy\" decoding=\"async\" width=\"450\" height=\"450\" src=\"https:\/\/mcturkmassage.dk\/wp-content\/uploads\/2024\/03\/Maria-looking-at-camera-front-page.png\" class=\"attachment-large size-large wp-image-40\" alt=\"\" \/>\t\t\t\t\t\t\t\t\t\t\t\t\t<\/div>\n\t\t\t\t<\/div>\n\t\t\t\t\t<\/div>\n\t\t\t\t<\/div>\n\t\t<div class=\"elementor-element elementor-element-f01de61 e-flex e-con-boxed e-con e-parent\" data-id=\"f01de61\" data-element_type=\"container\">\n\t\t\t\t\t<div class=\"e-con-inner\">\n\t\t\t\t<div class=\"elementor-element elementor-element-3302918 elementor-widget elementor-widget-text-editor\" data-id=\"3302918\" data-element_type=\"widget\" data-widget_type=\"text-editor.default\">\n\t\t\t\t<div class=\"elementor-widget-container\">\n\t\t\t\t\t\t\t<p>Maria McTurk\u00a0driver McTurk Massage til dagligt og har <b>mange \u00e5rs erfaring<\/b> som fysiurgisk massage specialist.<b>\u00a0<\/b>Siden hun blev uddannet i 1999 fra Natur Medicinsk Kursus Center, har hun behandlet klienter i Stork\u00f8benhavn p\u00e5 virkomsheder, fysioterapeutiske klinikker og terapeutisk spa center.\u00a0<\/p><p><b>Maria McTurk:\u00a0<br \/><\/b>&#8220;Jeg lytter altid til klienterne for at sikre <b>hver eneste behandling<\/b>\u00a0er m\u00e5lrettet<b> efter<\/b> <b>individuelle behov og \u00f8nsker<\/b>. P\u00e5 den m\u00e5de s\u00f8rger jeg for at hver massage foreg\u00e5r i trykke rammer og du f\u00e5r den mest optimale massagebehandling som muligt. Jeg kan ikke helbrede men jeg kan <b>hj\u00e6lpe kroppen til at helbrede sig selv<\/b>.<\/p><p>L\u00e6s mine klienters anmeldelser (se anmeldelser nedenunder) af mine fysiurgiske massageevner og <a href=\"https:\/\/mcturkmassage.dk\/index.php\/linktree-dansk\/bestil-tid\/\">bestil en tid via dette link!<\/a>&#8220;<\/p>\t\t\t\t\t\t<\/div>\n\t\t\t\t<\/div>\n\t\t\t\t\t<\/div>\n\t\t\t\t<\/div>\n\t\t<div class=\"elementor-element elementor-element-2d0c857 e-flex e-con-boxed e-con e-parent\" data-id=\"2d0c857\" data-element_type=\"container\">\n\t\t\t\t\t<div class=\"e-con-inner\">\n\t\t\t\t<div class=\"elementor-element elementor-element-60d3e67 elementor-widget elementor-widget-heading\" data-id=\"60d3e67\" data-element_type=\"widget\" data-widget_type=\"heading.default\">\n\t\t\t\t<div class=\"elementor-widget-container\">\n\t\t\t<h2 class=\"elementor-heading-title elementor-size-default\">Anmeldelser<\/h2>\t\t<\/div>\n\t\t\t\t<\/div>\n\t\t\t\t\t<\/div>\n\t\t\t\t<\/div>\n\t\t<div class=\"elementor-element elementor-element-a60e71c e-flex e-con-boxed e-con e-parent\" data-id=\"a60e71c\" data-element_type=\"container\">\n\t\t\t\t\t<div class=\"e-con-inner\">\n\t\t\t\t<div class=\"elementor-element elementor-element-908c2ae elementor-widget elementor-widget-text-editor\" data-id=\"908c2ae\" data-element_type=\"widget\" data-widget_type=\"text-editor.default\">\n\t\t\t\t<div class=\"elementor-widget-container\">\n\t\t\t\t\t\t\t<div class=\"tr-widget\" data-id=\"4071\" data-view=\"slider\" data-lang=\"\"><a class=\"trcr\" href=\"https:\/\/trust.reviews\/\" target=\"_blank\" rel=\"noopener\">Powered by Trust.Reviews<\/a><\/div>\n<script type=\"text\/javascript\" src=\"https:\/\/cdn.trust.reviews\/widget\/embed.min.js\" defer><\/script>\t\t\t\t\t\t<\/div>\n\t\t\t\t<\/div>\n\t\t\t\t\t<\/div>\n\t\t\t\t<\/div>\n\t\t<div class=\"elementor-element elementor-element-0385796 e-flex e-con-boxed e-con e-parent\" data-id=\"0385796\" data-element_type=\"container\">\n\t\t\t\t\t<div class=\"e-con-inner\">\n\t\t\t\t<div class=\"elementor-element elementor-element-ef87612 elementor-align-justify elementor-widget elementor-widget-button\" data-id=\"ef87612\" data-element_type=\"widget\" data-widget_type=\"button.default\">\n\t\t\t\t<div class=\"elementor-widget-container\">\n\t\t\t\t\t<div class=\"elementor-button-wrapper\">\n\t\t\t<a class=\"elementor-button elementor-button-link elementor-size-sm\" href=\"#\">\n\t\t\t\t\t\t<span class=\"elementor-button-content-wrapper\">\n\t\t\t\t\t\t\t\t\t<span class=\"elementor-button-text\">English<\/span>\n\t\t\t\t\t<\/span>\n\t\t\t\t\t<\/a>\n\t\t<\/div>\n\t\t\t\t<\/div>\n\t\t\t\t<\/div>\n\t\t\t\t\t<\/div>\n\t\t\t\t<\/div>\n\t\t\t\t<\/div>\n\t\t","protected":false},"excerpt":{"rendered":"<p>https:\/\/www.youtube.com\/watch?time_continue=16&#038;v=c9mGyRoIl1E Hvad er McTurk Massage? McTurk Massage er fysiurgisk massage der hj\u00e6lper kroppen med at l\u00f8sne muskul\u00e6re sp\u00e6ndinger. McTurk Massage tilbyder massage behandling som kan hj\u00e6lpe dig med: \u2022 Nakkesp\u00e6ndinger\u2022 Rygsmerter\u2022 Skuldre og arme\u2022 L\u00e6ndesmerter\/sp\u00e6ndinger\u2022 Ben\u2022 Iskiassmerter\u2022 Hovedpine og migr\u00e6ne\u2022 Gravidsmerter og sp\u00e6ndinger\u2022 Piskesm\u00e6ld (whiplash) Tryk p\u00e5 de overst\u00e5nede links for at l\u00e6se specifikke anmeldelser&#8230;<\/p>\n","protected":false},"author":1,"featured_media":0,"parent":14,"menu_order":4,"comment_status":"closed","ping_status":"closed","template":"elementor_canvas","meta":{"om_disable_all_campaigns":false,"_monsterinsights_skip_tracking":false,"_monsterinsights_sitenote_active":false,"_monsterinsights_sitenote_note":"","_monsterinsights_sitenote_category":0,"_kad_post_transparent":"","_kad_post_title":"hide","_kad_post_layout":"fullwidth","_kad_post_sidebar_id":"","_kad_post_content_style":"unboxed","_kad_post_vertical_padding":"hide","_kad_post_feature":"hide","_kad_post_feature_position":"","_kad_post_header":false,"_kad_post_footer":false,"footnotes":""},"folder":[],"aioseo_notices":[],"_links":{"self":[{"href":"https:\/\/mcturkmassage.dk\/index.php\/wp-json\/wp\/v2\/pages\/78"}],"collection":[{"href":"https:\/\/mcturkmassage.dk\/index.php\/wp-json\/wp\/v2\/pages"}],"about":[{"href":"https:\/\/mcturkmassage.dk\/index.php\/wp-json\/wp\/v2\/types\/page"}],"author":[{"embeddable":true,"href":"https:\/\/mcturkmassage.dk\/index.php\/wp-json\/wp\/v2\/users\/1"}],"replies":[{"embeddable":true,"href":"https:\/\/mcturkmassage.dk\/index.php\/wp-json\/wp\/v2\/comments?post=78"}],"version-history":[{"count":90,"href":"https:\/\/mcturkmassage.dk\/index.php\/wp-json\/wp\/v2\/pages\/78\/revisions"}],"predecessor-version":[{"id":706,"href":"https:\/\/mcturkmassage.dk\/index.php\/wp-json\/wp\/v2\/pages\/78\/revisions\/706"}],"up":[{"embeddable":true,"href":"https:\/\/mcturkmassage.dk\/index.php\/wp-json\/wp\/v2\/pages\/14"}],"wp:attachment":[{"href":"https:\/\/mcturkmassage.dk\/index.php\/wp-json\/wp\/v2\/media?parent=78"}],"wp:term":[{"taxonomy":"folder","embeddable":true,"href":"https:\/\/mcturkmassage.dk\/index.php\/wp-json\/wp\/v2\/folder?post=78"}],"curies":[{"name":"wp","href":"https:\/\/api.w.org\/{rel}","templated":true}]}}